{"id":21,"date":"2026-01-06T23:23:58","date_gmt":"2026-01-06T22:23:58","guid":{"rendered":"http:\/\/intymnyprezent.pl\/?page_id=21"},"modified":"2026-01-08T10:41:59","modified_gmt":"2026-01-08T09:41:59","slug":"elementor-21","status":"publish","type":"page","link":"https:\/\/intymnyprezent.pl\/","title":{"rendered":"Elementor #21"},"content":{"rendered":"\t\t<div data-elementor-type=\"wp-page\" data-elementor-id=\"21\" class=\"elementor elementor-21\">\n\t\t\t\t<div class=\"elementor-element elementor-element-5ada41a e-con-full e-flex e-con e-parent\" data-id=\"5ada41a\" data-element_type=\"container\">\n\t\t\t\t<div class=\"elementor-element elementor-element-d8e0227 elementor-widget__width-initial elementor-widget elementor-widget-image\" data-id=\"d8e0227\" data-element_type=\"widget\" data-widget_type=\"image.default\">\n\t\t\t\t\t\t\t\t\t\t\t\t\t\t\t<img decoding=\"async\" width=\"150\" height=\"150\" src=\"http:\/\/intymnyprezent.pl\/wp-content\/uploads\/2026\/01\/logo_small-150x150.png\" class=\"attachment-thumbnail size-thumbnail wp-image-24\" alt=\"\" srcset=\"http:\/\/intymnyprezent.pl\/wp-content\/uploads\/2026\/01\/logo_small-150x150.png 150w, http:\/\/intymnyprezent.pl\/wp-content\/uploads\/2026\/01\/logo_small-300x300.png 300w, http:\/\/intymnyprezent.pl\/wp-content\/uploads\/2026\/01\/logo_small.png 614w\" sizes=\"(max-width: 150px) 100vw, 150px\" \/>\t\t\t\t\t\t\t\t\t\t\t\t\t\t\t<\/div>\n\t\t\t\t<div class=\"elementor-element elementor-element-490a160 elementor-widget elementor-widget-heading\" data-id=\"490a160\" data-element_type=\"widget\" data-widget_type=\"heading.default\">\n\t\t\t\t\t<h1 class=\"elementor-heading-title elementor-size-default\"><span style=\"font-size:11.0pt;line-height:107%;,sans-serif\">Wsp\u00f3lne fantazje.<br>Dopasowane potrzeby. <br>Prezenty, kt\u00f3re trafiaj\u0105 w punkt.<\/span><\/h1>\t\t\t\t<\/div>\n\t\t\t\t<div class=\"elementor-element elementor-element-a2e13c7 elementor-widget elementor-widget-heading\" data-id=\"a2e13c7\" data-element_type=\"widget\" data-widget_type=\"heading.default\">\n\t\t\t\t\t<h5 class=\"elementor-heading-title elementor-size-default\"><span style=\"font-size:11.0pt;line-height:107%;,sans-serif\">Premiera wkr\u00f3tce<\/span><\/h5>\t\t\t\t<\/div>\n\t\t\t\t<div class=\"elementor-element elementor-element-5e621a4 elementor-view-default elementor-widget elementor-widget-icon\" data-id=\"5e621a4\" data-element_type=\"widget\" data-widget_type=\"icon.default\">\n\t\t\t\t\t\t\t<div class=\"elementor-icon-wrapper\">\n\t\t\t<a class=\"elementor-icon\" href=\"https:\/\/www.instagram.com\/intymnyprezent.pl\/\">\n\t\t\t<svg aria-hidden=\"true\" class=\"e-font-icon-svg e-fab-instagram\" viewBox=\"0 0 448 512\" xmlns=\"http:\/\/www.w3.org\/2000\/svg\"><path d=\"M224.1 141c-63.6 0-114.9 51.3-114.9 114.9s51.3 114.9 114.9 114.9S339 319.5 339 255.9 287.7 141 224.1 141zm0 189.6c-41.1 0-74.7-33.5-74.7-74.7s33.5-74.7 74.7-74.7 74.7 33.5 74.7 74.7-33.6 74.7-74.7 74.7zm146.4-194.3c0 14.9-12 26.8-26.8 26.8-14.9 0-26.8-12-26.8-26.8s12-26.8 26.8-26.8 26.8 12 26.8 26.8zm76.1 27.2c-1.7-35.9-9.9-67.7-36.2-93.9-26.2-26.2-58-34.4-93.9-36.2-37-2.1-147.9-2.1-184.9 0-35.8 1.7-67.6 9.9-93.9 36.1s-34.4 58-36.2 93.9c-2.1 37-2.1 147.9 0 184.9 1.7 35.9 9.9 67.7 36.2 93.9s58 34.4 93.9 36.2c37 2.1 147.9 2.1 184.9 0 35.9-1.7 67.7-9.9 93.9-36.2 26.2-26.2 34.4-58 36.2-93.9 2.1-37 2.1-147.8 0-184.8zM398.8 388c-7.8 19.6-22.9 34.7-42.6 42.6-29.5 11.7-99.5 9-132.1 9s-102.7 2.6-132.1-9c-19.6-7.8-34.7-22.9-42.6-42.6-11.7-29.5-9-99.5-9-132.1s-2.6-102.7 9-132.1c7.8-19.6 22.9-34.7 42.6-42.6 29.5-11.7 99.5-9 132.1-9s102.7-2.6 132.1 9c19.6 7.8 34.7 22.9 42.6 42.6 11.7 29.5 9 99.5 9 132.1s2.7 102.7-9 132.1z\"><\/path><\/svg>\t\t\t<\/a>\n\t\t<\/div>\n\t\t\t\t\t\t<\/div>\n\t\t\t\t<\/div>\n\t\t\t\t<\/div>\n\t\t","protected":false},"excerpt":{"rendered":"<p>Wsp\u00f3lne fantazje.Dopasowane potrzeby. Prezenty, kt\u00f3re trafiaj\u0105 w punkt. Premiera wkr\u00f3tce<\/p>\n","protected":false},"author":1,"featured_media":0,"parent":0,"menu_order":0,"comment_status":"closed","ping_status":"closed","template":"elementor_canvas","meta":{"footnotes":""},"class_list":["post-21","page","type-page","status-publish","hentry"],"_links":{"self":[{"href":"https:\/\/intymnyprezent.pl\/index.php?rest_route=\/wp\/v2\/pages\/21","targetHints":{"allow":["GET"]}}],"collection":[{"href":"https:\/\/intymnyprezent.pl\/index.php?rest_route=\/wp\/v2\/pages"}],"about":[{"href":"https:\/\/intymnyprezent.pl\/index.php?rest_route=\/wp\/v2\/types\/page"}],"author":[{"embeddable":true,"href":"https:\/\/intymnyprezent.pl\/index.php?rest_route=\/wp\/v2\/users\/1"}],"replies":[{"embeddable":true,"href":"https:\/\/intymnyprezent.pl\/index.php?rest_route=%2Fwp%2Fv2%2Fcomments&post=21"}],"version-history":[{"count":58,"href":"https:\/\/intymnyprezent.pl\/index.php?rest_route=\/wp\/v2\/pages\/21\/revisions"}],"predecessor-version":[{"id":90,"href":"https:\/\/intymnyprezent.pl\/index.php?rest_route=\/wp\/v2\/pages\/21\/revisions\/90"}],"wp:attachment":[{"href":"https:\/\/intymnyprezent.pl\/index.php?rest_route=%2Fwp%2Fv2%2Fmedia&parent=21"}],"curies":[{"name":"wp","href":"https:\/\/api.w.org\/{rel}","templated":true}]}}